{"id":37,"date":"2011-09-05T09:25:33","date_gmt":"2011-09-05T09:25:33","guid":{"rendered":"http:\/\/localhost\/wordpress\/?page_id=37"},"modified":"2026-01-06T13:35:45","modified_gmt":"2026-01-06T13:35:45","slug":"les-contre-visites-guidees-par-jerome-poulain","status":"publish","type":"page","link":"http:\/\/jeromepoulain.com\/wordpress\/?page_id=37","title":{"rendered":"JEROME POULAIN"},"content":{"rendered":"<p><a href=\"https:\/\/www.facebook.com\/jerome.poulain.5\">(&gt;&gt;&gt;FBK)<\/a><\/p>\n<p><strong><br \/>\n23 janvier 2025 \/\/ REZ\u00c9 (44)<br \/>\n<em>C\u00e9r\u00e9monie des v\u0153ux de la ville aux habitants<\/em><\/strong><\/p>\n<p>&nbsp;<\/p>\n<p>&nbsp;<\/p>\n","protected":false},"excerpt":{"rendered":"<p>(&gt;&gt;&gt;FBK) 23 janvier 2025 \/\/ REZ\u00c9 (44) C\u00e9r\u00e9monie des v\u0153ux de la ville aux habitants &nbsp; &nbsp;<\/p>\n","protected":false},"author":1,"featured_media":0,"parent":0,"menu_order":0,"comment_status":"closed","ping_status":"open","template":"showcase.php","meta":{"footnotes":""},"class_list":["post-37","page","type-page","status-publish","hentry"],"_links":{"self":[{"href":"http:\/\/jeromepoulain.com\/wordpress\/index.php?rest_route=\/wp\/v2\/pages\/37","targetHints":{"allow":["GET"]}}],"collection":[{"href":"http:\/\/jeromepoulain.com\/wordpress\/index.php?rest_route=\/wp\/v2\/pages"}],"about":[{"href":"http:\/\/jeromepoulain.com\/wordpress\/index.php?rest_route=\/wp\/v2\/types\/page"}],"author":[{"embeddable":true,"href":"http:\/\/jeromepoulain.com\/wordpress\/index.php?rest_route=\/wp\/v2\/users\/1"}],"replies":[{"embeddable":true,"href":"http:\/\/jeromepoulain.com\/wordpress\/index.php?rest_route=%2Fwp%2Fv2%2Fcomments&post=37"}],"version-history":[{"count":161,"href":"http:\/\/jeromepoulain.com\/wordpress\/index.php?rest_route=\/wp\/v2\/pages\/37\/revisions"}],"predecessor-version":[{"id":654,"href":"http:\/\/jeromepoulain.com\/wordpress\/index.php?rest_route=\/wp\/v2\/pages\/37\/revisions\/654"}],"wp:attachment":[{"href":"http:\/\/jeromepoulain.com\/wordpress\/index.php?rest_route=%2Fwp%2Fv2%2Fmedia&parent=37"}],"curies":[{"name":"wp","href":"https:\/\/api.w.org\/{rel}","templated":true}]}}