{"id":6,"date":"2011-09-13T12:41:26","date_gmt":"2011-09-13T12:41:26","guid":{"rendered":"http:\/\/localhost\/wordpress\/?page_id=6"},"modified":"2019-10-04T12:35:52","modified_gmt":"2019-10-04T12:35:52","slug":"contact","status":"publish","type":"page","link":"https:\/\/jeromepoulain.com\/wordpress\/","title":{"rendered":"contact"},"content":{"rendered":"<p>&nbsp;<\/p>\n<p>&nbsp;<\/p>\n<p>&nbsp;<\/p>\n<p>&nbsp;<\/p>\n<p>&nbsp;<\/p>\n<p>&nbsp;<\/p>\n<p>&nbsp;<br \/>\n<a href=\"http:\/\/www.mariadolores.fr\/\" target=\"_blank\"><strong>Maria Dolores<\/strong><\/a><br \/>\n<a href=\"http:\/\/www.femmesabarbe.com\/\" target=\"_blank\"><strong>Compagnie des Femmes \u00e0 Barbe<\/strong><\/a><br \/>\n<a href=\"http:\/\/www.thealarue.com\/\" target=\"_blank\"><strong>Compagnie du Th\u00e9 \u00e0 la Rue<\/strong><\/a><br \/>\n<a href=\"http:\/\/www.astronef-asso.org\/\" target=\"_blank\"><strong>l&rsquo;Astronef<\/strong><\/a><br \/>\n<a href=\"http:\/\/pacochantelapaix.com\/page-pro.html\" target=\"_blank\"><strong>Spectralex<\/strong><\/a><br \/>\n<a href=\"http:\/\/www.carnageproductions.com\/\" target=\"_blank\"><strong>Carnage Productions<\/strong><\/a><br \/>\n<a href=\"http:\/\/www.operapagai.com\/\" target=\"_blank\"><strong>Op\u00e9ra Paga\u00ef<\/strong><\/a><br \/>\n<a href=\"http:\/\/www.compagniebougrelas.com\/\" target=\"_blank\"><strong>Compagnie Bougrelas<\/strong><\/a><br \/>\n<a href=\"http:\/\/colbok.free.fr\/\" target=\"_blank\"><strong>Compagnie Colbok<\/strong><\/a><\/p>\n<p>&nbsp;<br \/>\n<span style=\"font-size: small;\"><br \/>\nMentions l\u00e9gales: Association Joseph K. 111 rue de la Fuye 37000 Tours 0247526375<br \/>\nDirectrice de la publication : C\u00e9line Gitton<br \/>\nSite h\u00e9berg\u00e9 par OVH \u2013  2 rue Kellermann \u2013 59100 ROUBAIX \u2013 France http:\/\/www.ovh.com\/fr\/support<br \/>\n<body id=\"accueil\" ><br \/>\n<\/body><\/p>\n","protected":false},"excerpt":{"rendered":"<p>&nbsp; &nbsp; &nbsp; &nbsp; &nbsp; &nbsp; &nbsp; Maria Dolores Compagnie des Femmes \u00e0 Barbe Compagnie du Th\u00e9 \u00e0 la Rue l&rsquo;Astronef Spectralex Carnage Productions Op\u00e9ra Paga\u00ef Compagnie Bougrelas Compagnie Colbok &nbsp; Mentions l\u00e9gales: Association Joseph K. 111 rue de la &hellip; <a href=\"https:\/\/jeromepoulain.com\/wordpress\/\">Lire la suite <span class=\"meta-nav\">&rarr;<\/span><\/a><\/p>\n","protected":false},"author":1,"featured_media":0,"parent":0,"menu_order":0,"comment_status":"open","ping_status":"open","template":"showcase.php","meta":{"footnotes":""},"class_list":["post-6","page","type-page","status-publish","hentry"],"_links":{"self":[{"href":"https:\/\/jeromepoulain.com\/wordpress\/index.php?rest_route=\/wp\/v2\/pages\/6","targetHints":{"allow":["GET"]}}],"collection":[{"href":"https:\/\/jeromepoulain.com\/wordpress\/index.php?rest_route=\/wp\/v2\/pages"}],"about":[{"href":"https:\/\/jeromepoulain.com\/wordpress\/index.php?rest_route=\/wp\/v2\/types\/page"}],"author":[{"embeddable":true,"href":"https:\/\/jeromepoulain.com\/wordpress\/index.php?rest_route=\/wp\/v2\/users\/1"}],"replies":[{"embeddable":true,"href":"https:\/\/jeromepoulain.com\/wordpress\/index.php?rest_route=%2Fwp%2Fv2%2Fcomments&post=6"}],"version-history":[{"count":53,"href":"https:\/\/jeromepoulain.com\/wordpress\/index.php?rest_route=\/wp\/v2\/pages\/6\/revisions"}],"predecessor-version":[{"id":607,"href":"https:\/\/jeromepoulain.com\/wordpress\/index.php?rest_route=\/wp\/v2\/pages\/6\/revisions\/607"}],"wp:attachment":[{"href":"https:\/\/jeromepoulain.com\/wordpress\/index.php?rest_route=%2Fwp%2Fv2%2Fmedia&parent=6"}],"curies":[{"name":"wp","href":"https:\/\/api.w.org\/{rel}","templated":true}]}}